{"id":72602,"date":"2021-12-01T09:16:46","date_gmt":"2021-12-01T08:16:46","guid":{"rendered":"https:\/\/www.storegate.com\/staging-site\/features\/simple-file-sharing\/"},"modified":"2025-10-23T10:47:19","modified_gmt":"2025-10-23T08:47:19","slug":"simple-file-sharing","status":"publish","type":"page","link":"https:\/\/www.storegate.com\/en\/features\/simple-file-sharing\/","title":{"rendered":"Simple file sharing"},"content":{"rendered":"\n<div class=\"wp-block-toolset-blocks-container tb-container alignfull\" data-toolset-blocks-container=\"3f56dbaa66a29526542c43f794e67cd4\"><div class=\"tb-container-inner\">\n<div class=\"wp-block-toolset-blocks-container tb-container\" data-toolset-blocks-container=\"21098352d9ab5eb954ca45cc6e17544d\"><div class=\"tb-container-inner\">\n<div class=\"wp-block-toolset-blocks-grid tb-grid\" data-toolset-blocks-grid=\"e5b1e543c1b6eeabe04cb3fba58b6392\">\n<div class=\"wp-block-toolset-blocks-grid-column tb-grid-column tb-grid-align-top\" data-toolset-blocks-grid-column=\"94a015731f9aa68aa18eef059c94d6b1\"><style>.wp-block-kadence-advancedheading.kt-adv-heading72602_5ddd46-07, .wp-block-kadence-advancedheading.kt-adv-heading72602_5ddd46-07[data-kb-block=\"kb-adv-heading72602_5ddd46-07\"]{font-style:normal;}.wp-block-kadence-advancedheading.kt-adv-heading72602_5ddd46-07 mark.kt-highlight, .wp-block-kadence-advancedheading.kt-adv-heading72602_5ddd46-07[data-kb-block=\"kb-adv-heading72602_5ddd46-07\"] mark.kt-highlight{font-style:normal;color:#f76a0c;-webkit-box-decoration-break:clone;box-decoration-break:clone;padding-top:0px;padding-right:0px;padding-bottom:0px;padding-left:0px;}.wp-block-kadence-advancedheading.kt-adv-heading72602_5ddd46-07 img.kb-inline-image, .wp-block-kadence-advancedheading.kt-adv-heading72602_5ddd46-07[data-kb-block=\"kb-adv-heading72602_5ddd46-07\"] img.kb-inline-image{width:150px;vertical-align:baseline;}<\/style>\n<h1 class=\"kt-adv-heading72602_5ddd46-07 intro wp-block-kadence-advancedheading\" data-kb-block=\"kb-adv-heading72602_5ddd46-07\">Simple file sharing<\/h1>\n\n\n<style>.wp-block-kadence-advancedheading.kt-adv-heading72602_6ade76-0d, .wp-block-kadence-advancedheading.kt-adv-heading72602_6ade76-0d[data-kb-block=\"kb-adv-heading72602_6ade76-0d\"]{margin-top:0em;font-style:normal;}.wp-block-kadence-advancedheading.kt-adv-heading72602_6ade76-0d mark.kt-highlight, .wp-block-kadence-advancedheading.kt-adv-heading72602_6ade76-0d[data-kb-block=\"kb-adv-heading72602_6ade76-0d\"] mark.kt-highlight{font-style:normal;color:#f76a0c;-webkit-box-decoration-break:clone;box-decoration-break:clone;padding-top:0px;padding-right:0px;padding-bottom:0px;padding-left:0px;}.wp-block-kadence-advancedheading.kt-adv-heading72602_6ade76-0d img.kb-inline-image, .wp-block-kadence-advancedheading.kt-adv-heading72602_6ade76-0d[data-kb-block=\"kb-adv-heading72602_6ade76-0d\"] img.kb-inline-image{width:150px;vertical-align:baseline;}<\/style>\n<h2 class=\"kt-adv-heading72602_6ade76-0d wp-block-kadence-advancedheading\" data-kb-block=\"kb-adv-heading72602_6ade76-0d\"><meta charset=\"utf-8\">Share files securely<\/h2>\n\n\n\n<p>Sharing and sending files is easy and secure with our Swedish cloud service. With a built-in file sharing service, you can share information both internally and externally.   <\/p>\n\n\n<style>.wp-block-kadence-advancedbtn.kt-btns72602_b50087-6b, .site .entry-content .wp-block-kadence-advancedbtn.kt-btns72602_b50087-6b, .wp-block-kadence-advancedbtn.kb-btns72602_b50087-6b, .site .entry-content .wp-block-kadence-advancedbtn.kb-btns72602_b50087-6b{margin-top:1.5em;}.wp-block-kadence-advancedbtn.kb-btns72602_b50087-6b{gap:var(--global-kb-gap-xs, 0.5rem );justify-content:flex-start;align-items:center;}.kt-btns72602_b50087-6b .kt-button{font-weight:normal;font-style:normal;}@media all and (max-width: 767px){.wp-block-kadence-advancedbtn.kb-btns72602_b50087-6b{justify-content:flex-start;}}<\/style>\n<div class=\"wp-block-kadence-advancedbtn kb-buttons-wrap kb-btns72602_b50087-6b\"><style>ul.menu .wp-block-kadence-advancedbtn .kb-btn72602_36e9e9-20.kb-button{width:initial;}.wp-block-kadence-advancedbtn .kb-btn72602_36e9e9-20.kb-button{color:var(--theme-palette-color-8, #ffffff);background:var(--theme-palette-color-4, #000000);font-size:nonepx;border-top-left-radius:2px;border-top-right-radius:2px;border-bottom-right-radius:2px;border-bottom-left-radius:2px;border-top:1px solid var(--theme-palette-color-4, #000000);border-right:1px solid var(--theme-palette-color-4, #000000);border-bottom:1px solid var(--theme-palette-color-4, #000000);border-left:1px solid var(--theme-palette-color-4, #000000);padding-top:24px;padding-right:44px;padding-bottom:24px;padding-left:44px;margin-top:4px;margin-right:4px;margin-bottom:4px;margin-left:4px;}.wp-block-kadence-advancedbtn .kb-btn72602_36e9e9-20.kb-button:hover, .wp-block-kadence-advancedbtn .kb-btn72602_36e9e9-20.kb-button:focus{color:var(--theme-palette-color-8, #ffffff);background:var(--theme-palette-color-3, #1b1c1c);border-top-color:var(--theme-palette-color-3, #1b1c1c);border-top-style:solid;border-right-color:var(--theme-palette-color-3, #1b1c1c);border-right-style:solid;border-bottom-color:var(--theme-palette-color-3, #1b1c1c);border-bottom-style:solid;border-left-color:var(--theme-palette-color-3, #1b1c1c);border-left-style:solid;}@media all and (max-width: 1024px){.wp-block-kadence-advancedbtn .kb-btn72602_36e9e9-20.kb-button{border-top:1px solid var(--theme-palette-color-4, #000000);border-right:1px solid var(--theme-palette-color-4, #000000);border-bottom:1px solid var(--theme-palette-color-4, #000000);border-left:1px solid var(--theme-palette-color-4, #000000);}}@media all and (max-width: 1024px){.wp-block-kadence-advancedbtn .kb-btn72602_36e9e9-20.kb-button:hover, .wp-block-kadence-advancedbtn .kb-btn72602_36e9e9-20.kb-button:focus{border-top-color:var(--theme-palette-color-3, #1b1c1c);border-top-style:solid;border-right-color:var(--theme-palette-color-3, #1b1c1c);border-right-style:solid;border-bottom-color:var(--theme-palette-color-3, #1b1c1c);border-bottom-style:solid;border-left-color:var(--theme-palette-color-3, #1b1c1c);border-left-style:solid;}}@media all and (max-width: 767px){.wp-block-kadence-advancedbtn .kb-btn72602_36e9e9-20.kb-button{border-top:1px solid var(--theme-palette-color-4, #000000);border-right:1px solid var(--theme-palette-color-4, #000000);border-bottom:1px solid var(--theme-palette-color-4, #000000);border-left:1px solid var(--theme-palette-color-4, #000000);}.wp-block-kadence-advancedbtn .kb-btn72602_36e9e9-20.kb-button:hover, .wp-block-kadence-advancedbtn .kb-btn72602_36e9e9-20.kb-button:focus{border-top-color:var(--theme-palette-color-3, #1b1c1c);border-top-style:solid;border-right-color:var(--theme-palette-color-3, #1b1c1c);border-right-style:solid;border-bottom-color:var(--theme-palette-color-3, #1b1c1c);border-bottom-style:solid;border-left-color:var(--theme-palette-color-3, #1b1c1c);border-left-style:solid;}}<\/style><a class=\"kb-button kt-button button kb-btn72602_36e9e9-20 kt-btn-size-standard kt-btn-width-type-auto kb-btn-global-inherit  kt-btn-has-text-true kt-btn-has-svg-false  wp-block-button__link wp-block-kadence-singlebtn\" href=\"https:\/\/www.storegate.com\/en\/pricing\/\"><span class=\"kt-btn-inner-text\">Getting started<\/span><\/a><\/div>\n<\/div>\n<\/div>\n<\/div><\/div>\n<\/div><\/div>\n\n\n<style>.kb-row-layout-id72602_3a6908-c2 > .kt-row-column-wrap{align-content:start;}:where(.kb-row-layout-id72602_3a6908-c2 > .kt-row-column-wrap) > .wp-block-kadence-column{justify-content:start;}.kb-row-layout-id72602_3a6908-c2 > .kt-row-column-wrap{column-gap:80px;row-gap:40px;max-width:680px;margin-left:auto;margin-right:auto;padding-top:4em;padding-bottom:4em;grid-template-columns:minmax(0, 1fr);}.kb-row-layout-id72602_3a6908-c2 > .kt-row-layout-overlay{opacity:0.30;}@media all and (max-width: 1024px){.kb-row-layout-id72602_3a6908-c2 > .kt-row-column-wrap{grid-template-columns:minmax(0, 1fr);}}@media all and (max-width: 767px){.kb-row-layout-id72602_3a6908-c2 > .kt-row-column-wrap{grid-template-columns:minmax(0, 1fr);}}<\/style><section class=\"kb-row-layout-wrap kb-row-layout-id72602_3a6908-c2 alignwide wp-block-kadence-rowlayout\"><div class=\"kt-row-column-wrap kt-has-1-columns kt-row-layout-equal kt-tab-layout-inherit kt-mobile-layout-row kt-row-valign-top\">\n<style>.kadence-column72602_b2a8da-e5 > .kt-inside-inner-col,.kadence-column72602_b2a8da-e5 > .kt-inside-inner-col:before{border-top-left-radius:0px;border-top-right-radius:0px;border-bottom-right-radius:0px;border-bottom-left-radius:0px;}.kadence-column72602_b2a8da-e5 > .kt-inside-inner-col{column-gap:var(--global-kb-gap-sm, 1rem);}.kadence-column72602_b2a8da-e5 > .kt-inside-inner-col{flex-direction:column;}.kadence-column72602_b2a8da-e5 > .kt-inside-inner-col > .aligncenter{width:100%;}.kadence-column72602_b2a8da-e5 > .kt-inside-inner-col:before{opacity:0.3;}.kadence-column72602_b2a8da-e5{position:relative;}@media all and (max-width: 1024px){.kadence-column72602_b2a8da-e5 > .kt-inside-inner-col{flex-direction:column;justify-content:center;}}@media all and (max-width: 767px){.kadence-column72602_b2a8da-e5 > .kt-inside-inner-col{flex-direction:column;justify-content:center;}}<\/style>\n<div class=\"wp-block-kadence-column kadence-column72602_b2a8da-e5 inner-column-1\"><div class=\"kt-inside-inner-col\"><style>.wp-block-kadence-advancedheading.kt-adv-heading72602_912693-7e, .wp-block-kadence-advancedheading.kt-adv-heading72602_912693-7e[data-kb-block=\"kb-adv-heading72602_912693-7e\"]{text-align:center;font-style:normal;}.wp-block-kadence-advancedheading.kt-adv-heading72602_912693-7e mark.kt-highlight, .wp-block-kadence-advancedheading.kt-adv-heading72602_912693-7e[data-kb-block=\"kb-adv-heading72602_912693-7e\"] mark.kt-highlight{font-style:normal;color:#f76a0c;-webkit-box-decoration-break:clone;box-decoration-break:clone;padding-top:0px;padding-right:0px;padding-bottom:0px;padding-left:0px;}.wp-block-kadence-advancedheading.kt-adv-heading72602_912693-7e img.kb-inline-image, .wp-block-kadence-advancedheading.kt-adv-heading72602_912693-7e[data-kb-block=\"kb-adv-heading72602_912693-7e\"] img.kb-inline-image{width:150px;vertical-align:baseline;}<\/style>\n<h3 class=\"kt-adv-heading72602_912693-7e is-center wp-block-kadence-advancedheading\" data-kb-block=\"kb-adv-heading72602_912693-7e\">Secure file sharing in a Swedish cloud<\/h3>\n<\/div><\/div>\n\n<\/div><\/section>\n\n\n<div class=\"wp-block-toolset-blocks-container tb-container alignfull\" data-toolset-blocks-container=\"135983624e069f28c1cf698c68da6148\"><div class=\"tb-container-inner\">\n<div class=\"wp-block-toolset-blocks-grid tb-grid\" data-toolset-blocks-grid=\"89fc1b896ad874b766a1cfb2cfce8dab\">\n<div class=\"wp-block-toolset-blocks-grid-column tb-grid-column tb-grid-align-center\" data-toolset-blocks-grid-column=\"1fa99cdf450cd066f0612fb2170a7d73\"><style>.wp-block-kadence-advancedheading.kt-adv-heading72602_469a68-73, .wp-block-kadence-advancedheading.kt-adv-heading72602_469a68-73[data-kb-block=\"kb-adv-heading72602_469a68-73\"]{font-style:normal;}.wp-block-kadence-advancedheading.kt-adv-heading72602_469a68-73 mark.kt-highlight, .wp-block-kadence-advancedheading.kt-adv-heading72602_469a68-73[data-kb-block=\"kb-adv-heading72602_469a68-73\"] mark.kt-highlight{font-style:normal;color:#f76a0c;-webkit-box-decoration-break:clone;box-decoration-break:clone;padding-top:0px;padding-right:0px;padding-bottom:0px;padding-left:0px;}.wp-block-kadence-advancedheading.kt-adv-heading72602_469a68-73 img.kb-inline-image, .wp-block-kadence-advancedheading.kt-adv-heading72602_469a68-73[data-kb-block=\"kb-adv-heading72602_469a68-73\"] img.kb-inline-image{width:150px;vertical-align:baseline;}<\/style>\n<h2 class=\"kt-adv-heading72602_469a68-73 wp-block-kadence-advancedheading\" data-kb-block=\"kb-adv-heading72602_469a68-73\">Share and send large files online<\/h2>\n\n\n\n<p>Whether you want to send an entire folder, a single file or several images, you can safely and easily share important information securely in our Swedish cloud service.  <\/p>\n\n\n\n<p>By creating a distribution from your Storegate account, you can send files or folders in a GDPR-safe way.<\/p>\n\n\n\n<p>Dessutom kan du skydda information med Sveriges i s\u00e4rklass st\u00f6rsta e-legitimationssystem, <a href=\"https:\/\/www.storegate.com\/funktioner\/dela-filer-med-bankid\/\" data-type=\"page\" data-id=\"55771\">BankID<\/a>. Det har aldrig varit enklare att dela filer tryggt och smidigt under svensk lagstiftning.<\/p>\n<\/div>\n\n\n\n<div class=\"wp-block-toolset-blocks-grid-column tb-grid-column tb-grid-align-center\" data-toolset-blocks-grid-column=\"f586ff7bfe1d7317c63162ec7b7039ed\"><div class=\"wp-block-image\">\n<figure class=\" tb-image tb-image-dynamic tb-image-frame-none aligncenter\" data-toolset-blocks-image=\"cdc1d180c2e9aad860508af743b33268\"><img decoding=\"async\" width=\"2743\" height=\"1606\" loading=\"lazy\" src=\"https:\/\/www.storegate.com\/wp-content\/uploads\/2023\/04\/Dela-med-BankID_NY-1.png\" alt=\"\" class=\"wp-image-68906\" srcset=\"https:\/\/www.storegate.com\/wp-content\/uploads\/2023\/04\/Dela-med-BankID_NY-1.png 2743w, https:\/\/www.storegate.com\/wp-content\/uploads\/2023\/04\/Dela-med-BankID_NY-1-768x450.png 768w, https:\/\/www.storegate.com\/wp-content\/uploads\/2023\/04\/Dela-med-BankID_NY-1-1536x899.png 1536w, https:\/\/www.storegate.com\/wp-content\/uploads\/2023\/04\/Dela-med-BankID_NY-1-2048x1199.png 2048w\" sizes=\"auto, (max-width: 2743px) 100vw, 2743px\" \/><\/figure>\n<\/div><\/div>\n<\/div>\n\n\n\n<div class=\"wp-block-toolset-blocks-grid tb-grid\" data-toolset-blocks-grid=\"cd44df16f6b44fce0809598100e3b8f8\">\n<div class=\"wp-block-toolset-blocks-grid-column tb-grid-column tb-grid-align-center\" data-toolset-blocks-grid-column=\"7bff601405dac6e7c181cdbbbb130b86\"><style>.wp-block-kadence-advancedheading.kt-adv-heading72602_98ace1-db, .wp-block-kadence-advancedheading.kt-adv-heading72602_98ace1-db[data-kb-block=\"kb-adv-heading72602_98ace1-db\"]{font-style:normal;}.wp-block-kadence-advancedheading.kt-adv-heading72602_98ace1-db mark.kt-highlight, .wp-block-kadence-advancedheading.kt-adv-heading72602_98ace1-db[data-kb-block=\"kb-adv-heading72602_98ace1-db\"] mark.kt-highlight{font-style:normal;color:#f76a0c;-webkit-box-decoration-break:clone;box-decoration-break:clone;padding-top:0px;padding-right:0px;padding-bottom:0px;padding-left:0px;}.wp-block-kadence-advancedheading.kt-adv-heading72602_98ace1-db img.kb-inline-image, .wp-block-kadence-advancedheading.kt-adv-heading72602_98ace1-db[data-kb-block=\"kb-adv-heading72602_98ace1-db\"] img.kb-inline-image{width:150px;vertical-align:baseline;}<\/style>\n<h2 class=\"kt-adv-heading72602_98ace1-db wp-block-kadence-advancedheading\" data-kb-block=\"kb-adv-heading72602_98ace1-db\">Storage in Sweden under Swedish law<\/h2>\n\n\n\n<p>As a Swedish cloud service, we develop our own services and store all information in Sweden. You get a service that is subject to Swedish law with full control of your information. <\/p>\n<\/div>\n\n\n\n<div class=\"wp-block-toolset-blocks-grid-column tb-grid-column tb-grid-align-center\" data-toolset-blocks-grid-column=\"f586ff7bfe1d7317c63162ec7b7039ed\"><div class=\"wp-block-image\">\n<figure class=\" tb-image tb-image-dynamic tb-image-frame-none aligncenter\" data-toolset-blocks-image=\"ba2af6ec97c7a0b53b6ae3a1fdb45fa0\"><img decoding=\"async\" width=\"512\" height=\"512\" loading=\"lazy\" src=\"https:\/\/www.storegate.com\/wp-content\/uploads\/2021\/10\/map_sweden_light_blue.svg\" alt=\"\" class=\"wp-image-71312\"><\/figure>\n<\/div><\/div>\n<\/div>\n\n\n\n<div class=\"wp-block-toolset-blocks-grid tb-grid\" data-toolset-blocks-grid=\"df1f09e00e0bc0eb49c39c985d35117b\">\n<div class=\"wp-block-toolset-blocks-grid-column tb-grid-column tb-grid-align-top\" data-toolset-blocks-grid-column=\"eef67f8648ec05f6693c3042a3813476\"><style>.wp-block-kadence-advancedheading.kt-adv-heading72602_9ec6b7-a3, .wp-block-kadence-advancedheading.kt-adv-heading72602_9ec6b7-a3[data-kb-block=\"kb-adv-heading72602_9ec6b7-a3\"]{margin-top:1rem;margin-bottom:1rem;font-style:normal;}.wp-block-kadence-advancedheading.kt-adv-heading72602_9ec6b7-a3 mark.kt-highlight, .wp-block-kadence-advancedheading.kt-adv-heading72602_9ec6b7-a3[data-kb-block=\"kb-adv-heading72602_9ec6b7-a3\"] mark.kt-highlight{font-style:normal;color:#f76a0c;-webkit-box-decoration-break:clone;box-decoration-break:clone;padding-top:0px;padding-right:0px;padding-bottom:0px;padding-left:0px;}.wp-block-kadence-advancedheading.kt-adv-heading72602_9ec6b7-a3 img.kb-inline-image, .wp-block-kadence-advancedheading.kt-adv-heading72602_9ec6b7-a3[data-kb-block=\"kb-adv-heading72602_9ec6b7-a3\"] img.kb-inline-image{width:150px;vertical-align:baseline;}<\/style>\n<h2 class=\"kt-adv-heading72602_9ec6b7-a3 wp-block-kadence-advancedheading\" data-kb-block=\"kb-adv-heading72602_9ec6b7-a3\">Emailing files under Swedish law<\/h2>\n\n\n\n<p>Storegate is great for securely transferring large files between internal users or external parties such as suppliers and customers. The entire company can use the cloud to send documents, quotes, contracts, reports or other important files in a GDPR-secure way. <\/p>\n\n\n\n<p>The recipient with whom you want to share files does not need to have a Storegate account to receive the content. Once you have created a public sharing and transferred the information, whoever has access to the shared link can download the files.   <\/p>\n\n\n\n<p>Storegate finns d\u00e4rtill \u00e4ven som gratis till\u00e4gg i <a href=\"https:\/\/www.storegate.com\/en\/features\/working-in-office\/\" data-type=\"page\" data-id=\"59689\">Outlook<\/a> och g\u00e5r att h\u00e4mta helt kostnadsfritt. Det m\u00f6jligg\u00f6r att kunna skicka k\u00e4nslig data direkt i Outlook, skyddad bakom en utdelningsl\u00e4nk fr\u00e5n Storegate. Med v\u00e5r svenska molntj\u00e4nst f\u00e5r du snabb fil\u00f6verf\u00f6ring och kan skicka samt spara bifogade filer direkt till ett svenskt moln.<\/p>\n<\/div>\n\n\n\n<div class=\"wp-block-toolset-blocks-grid-column tb-grid-column tb-grid-align-top\" data-toolset-blocks-grid-column=\"d590cb72eeee57e95dc7e524b68c68a3\"><style>.wp-block-kadence-advancedheading.kt-adv-heading72602_ae809d-a9, .wp-block-kadence-advancedheading.kt-adv-heading72602_ae809d-a9[data-kb-block=\"kb-adv-heading72602_ae809d-a9\"]{margin-top:1rem;margin-bottom:1rem;font-style:normal;}.wp-block-kadence-advancedheading.kt-adv-heading72602_ae809d-a9 mark.kt-highlight, .wp-block-kadence-advancedheading.kt-adv-heading72602_ae809d-a9[data-kb-block=\"kb-adv-heading72602_ae809d-a9\"] mark.kt-highlight{font-style:normal;color:#f76a0c;-webkit-box-decoration-break:clone;box-decoration-break:clone;padding-top:0px;padding-right:0px;padding-bottom:0px;padding-left:0px;}.wp-block-kadence-advancedheading.kt-adv-heading72602_ae809d-a9 img.kb-inline-image, .wp-block-kadence-advancedheading.kt-adv-heading72602_ae809d-a9[data-kb-block=\"kb-adv-heading72602_ae809d-a9\"] img.kb-inline-image{width:150px;vertical-align:baseline;}<\/style>\n<h2 class=\"kt-adv-heading72602_ae809d-a9 wp-block-kadence-advancedheading\" data-kb-block=\"kb-adv-heading72602_ae809d-a9\">Uncomplicated file sharing<\/h2>\n\n\n\n<p>Don&#8217;t overcomplicate things, keep track of all your information with smart features like event logging, versioning and secure file sharing. With Storegate, you get the best cloud service for sending and collecting large files from anyone. With us, you can work even smarter by:  <\/p>\n\n\n\n<ul class=\"wp-block-list\">\n<li>Avoid problems with attaching large files<\/li>\n\n\n\n<li>Access information from any device<\/li>\n\n\n\n<li>Easy file sharing from your mobile<\/li>\n\n\n\n<li>Send and receive files in email in compliance with GDPR<\/li>\n<\/ul>\n<\/div>\n<\/div>\n<\/div><\/div>\n","protected":false},"excerpt":{"rendered":"<p>Synchronize files or work directly in the cloud. Services for those who work individually or in groups. <\/p>\n","protected":false},"author":1,"featured_media":0,"parent":72118,"menu_order":4,"comment_status":"closed","ping_status":"closed","template":"","meta":{"inline_featured_image":false,"footnotes":""},"class_list":["post-72602","page","type-page","status-publish","hentry"],"blocksy_meta":{"page_title_panel":"","has_hero_section":"disabled","c2d98abf03b83d511aedcd85f90d3d6a":"","hero_section":"type-1","hero_elements":[{"id":"custom_title","enabled":true,"heading_tag":"h1","title":"Home"},{"id":"custom_description","enabled":true,"description_visibility":{"desktop":true,"tablet":true,"mobile":false}},{"id":"custom_meta","enabled":false,"meta_elements":[{"id":"author","enabled":true,"label":"By","has_author_avatar":"yes","avatar_size":25},{"id":"post_date","enabled":true,"label":"On","date_format_source":"default","date_format":"M j, Y"},{"id":"updated_date","enabled":false,"label":"On","date_format_source":"default","date_format":"M j, Y"},{"id":"categories","enabled":false,"label":"In","style":"simple"},{"id":"comments","enabled":true}],"page_meta_elements":{"joined":true,"articles_count":true,"comments":true}},{"id":"breadcrumbs","enabled":false}],"a0468c623abbe169baec7a8bc3a3d680":"","hero_alignment1":"CT_CSS_SKIP_RULE","hero_margin":40,"hero_alignment2":"center","hero_vertical_alignment":"center","386697bee601c78ed26308d64a4262a6":"","hero_structure":"narrow","bca279d5c6859929be8157f97ec22e77":"","page_title_bg_type":"featured_image","custom_hero_background":{"attachment_id":null},"parallax":{"desktop":false,"tablet":false,"mobile":false},"1fd75e5d87122bbed9849393abcedf46":"","hero_height":"250px","pageTitleFont":{"family":"Default","variation":"Default","size":{"desktop":"32px","tablet":"30px","mobile":"25px"},"line-height":"CT_CSS_SKIP_RULE","letter-spacing":"CT_CSS_SKIP_RULE","text-transform":"CT_CSS_SKIP_RULE","text-decoration":"CT_CSS_SKIP_RULE"},"pageTitleFontColor":{"default":{"color":"CT_CSS_SKIP_RULEDEFAULT"}},"pageMetaFont":{"family":"Default","variation":"n6","size":"12px","line-height":"1.3","letter-spacing":"CT_CSS_SKIP_RULE","text-transform":"uppercase","text-decoration":"CT_CSS_SKIP_RULE"},"pageMetaFontColor":{"default":{"color":"CT_CSS_SKIP_RULEDEFAULT"},"hover":{"color":"CT_CSS_SKIP_RULEDEFAULT"}},"page_meta_button_type_font_colors":{"default":{"color":"CT_CSS_SKIP_RULEDEFAULT"},"hover":{"color":"CT_CSS_SKIP_RULEDEFAULT"}},"page_meta_button_type_background_colors":{"default":{"color":"CT_CSS_SKIP_RULEDEFAULT"},"hover":{"color":"CT_CSS_SKIP_RULEDEFAULT"}},"pageExcerptFont":{"family":"Default","variation":"Default","size":"CT_CSS_SKIP_RULE","line-height":"CT_CSS_SKIP_RULE","letter-spacing":"CT_CSS_SKIP_RULE","text-transform":"CT_CSS_SKIP_RULE","text-decoration":"CT_CSS_SKIP_RULE"},"pageExcerptColor":{"default":{"color":"CT_CSS_SKIP_RULEDEFAULT"}},"breadcrumbsFont":{"family":"Default","variation":"Default","size":"CT_CSS_SKIP_RULE","line-height":"CT_CSS_SKIP_RULE","letter-spacing":"CT_CSS_SKIP_RULE","text-transform":"CT_CSS_SKIP_RULE","text-decoration":"CT_CSS_SKIP_RULE"},"breadcrumbsFontColor":{"default":{"color":"CT_CSS_SKIP_RULEDEFAULT"},"initial":{"color":"CT_CSS_SKIP_RULEDEFAULT"},"hover":{"color":"CT_CSS_SKIP_RULEDEFAULT"}},"pageTitleOverlay":{"default":{"color":"CT_CSS_SKIP_RULE"}},"pageTitleBackground":{"background_type":"color","background_pattern":"type-1","background_image":{"attachment_id":null,"x":0,"y":0},"gradient":"linear-gradient(135deg,rgba(6,147,227,1) 0%,rgb(155,81,224) 100%)","background_repeat":"no-repeat","background_size":"auto","background_attachment":"scroll","patternColor":{"default":{"color":"#e5e7ea"}},"overlayColor":{"default":{"color":"CT_CSS_SKIP_RULE"}},"backgroundColor":{"default":{"color":"var(--theme-palette-color-6)"}}},"pageTitlePadding":{"top":"50px","bottom":"50px","left":"auto","right":"auto","linked":true},"c33135136d9eac219d139f6b5891ae52":"","page_structure_type":"default","81027475a87d43a3f9ddeac948416b24":"","content_style_source":"inherit","content_style":"wide","vertical_spacing_source":"inherit","content_area_spacing":"both","background":{"background_type":"color","background_pattern":"type-1","background_image":{"attachment_id":null,"x":0,"y":0},"gradient":"linear-gradient(135deg,rgba(6,147,227,1) 0%,rgb(155,81,224) 100%)","background_repeat":"no-repeat","background_size":"auto","background_attachment":"scroll","patternColor":{"default":{"color":"#e5e7ea"}},"overlayColor":{"default":{"color":"CT_CSS_SKIP_RULE"}},"backgroundColor":{"default":{"color":"CT_CSS_SKIP_RULE"}}},"content_background":{"background_type":"color","background_pattern":"type-1","background_image":{"attachment_id":null,"x":0,"y":0},"gradient":"linear-gradient(135deg,rgba(6,147,227,1) 0%,rgb(155,81,224) 100%)","background_repeat":"no-repeat","background_size":"auto","background_attachment":"scroll","patternColor":{"default":{"color":"#e5e7ea"}},"overlayColor":{"default":{"color":"CT_CSS_SKIP_RULE"}},"backgroundColor":{"default":{"color":"var(--theme-palette-color-8)"}}},"content_boxed_shadow":{"inherit":false,"blur":18,"spread":-6,"v_offset":12,"h_offset":0,"inset":false,"enable":true,"color":{"color":"rgba(34, 56, 101, 0.04)"}},"boxed_content_spacing":{"desktop":{"top":"40px","bottom":"40px","left":"40px","right":"40px","linked":true},"tablet":{"top":"35px","bottom":"35px","left":"35px","right":"35px","linked":true},"mobile":{"top":"20px","bottom":"20px","left":"20px","right":"20px","linked":true}},"content_boxed_radius":{"top":"3px","bottom":"3px","left":"3px","right":"3px","linked":true},"c8f78ca79f09cf62c4520f4b9db2d789":"","disable_featured_image":"no","disable_header":"no","disable_footer":"no","styles_descriptor":{"styles":{"desktop":"","tablet":"","mobile":""},"google_fonts":[],"version":6}},"featured_image_src":null,"_links":{"self":[{"href":"https:\/\/www.storegate.com\/en\/wp-json\/wp\/v2\/pages\/72602","targetHints":{"allow":["GET"]}}],"collection":[{"href":"https:\/\/www.storegate.com\/en\/wp-json\/wp\/v2\/pages"}],"about":[{"href":"https:\/\/www.storegate.com\/en\/wp-json\/wp\/v2\/types\/page"}],"author":[{"embeddable":true,"href":"https:\/\/www.storegate.com\/en\/wp-json\/wp\/v2\/users\/1"}],"replies":[{"embeddable":true,"href":"https:\/\/www.storegate.com\/en\/wp-json\/wp\/v2\/comments?post=72602"}],"version-history":[{"count":6,"href":"https:\/\/www.storegate.com\/en\/wp-json\/wp\/v2\/pages\/72602\/revisions"}],"predecessor-version":[{"id":73469,"href":"https:\/\/www.storegate.com\/en\/wp-json\/wp\/v2\/pages\/72602\/revisions\/73469"}],"up":[{"embeddable":true,"href":"https:\/\/www.storegate.com\/en\/wp-json\/wp\/v2\/pages\/72118"}],"wp:attachment":[{"href":"https:\/\/www.storegate.com\/en\/wp-json\/wp\/v2\/media?parent=72602"}],"curies":[{"name":"wp","href":"https:\/\/api.w.org\/{rel}","templated":true}]}}