{"id":72588,"date":"2022-03-01T11:33:47","date_gmt":"2022-03-01T10:33:47","guid":{"rendered":"https:\/\/www.storegate.com\/staging-site\/customers\/"},"modified":"2025-02-17T15:14:19","modified_gmt":"2025-02-17T14:14:19","slug":"customers","status":"publish","type":"page","link":"https:\/\/www.storegate.com\/en\/customers\/","title":{"rendered":"Customers"},"content":{"rendered":"<style>.kb-row-layout-wrap.wp-block-kadence-rowlayout.kb-row-layout-id72588_dcbc55-51{margin-bottom:4em;}.kb-row-layout-id72588_dcbc55-51 > .kt-row-column-wrap{align-content:start;}:where(.kb-row-layout-id72588_dcbc55-51 > .kt-row-column-wrap) > .wp-block-kadence-column{justify-content:start;}.kb-row-layout-id72588_dcbc55-51 > .kt-row-column-wrap{column-gap:var(--global-kb-gap-none, 0rem );row-gap:var(--global-kb-gap-none, 0rem );max-width:1220px;padding-top:6em;padding-right:0em;padding-bottom:6em;padding-left:0em;grid-template-columns:minmax(0, calc(60% - ((var(--global-kb-gap-none, 0rem ) * 1 )\/2)))minmax(0, calc(40% - ((var(--global-kb-gap-none, 0rem ) * 1 )\/2)));}.kb-row-layout-id72588_dcbc55-51 > .kt-row-layout-overlay{opacity:1;mix-blend-mode:normal;}.kb-row-layout-id72588_dcbc55-51 .kt-row-layout-bottom-sep{height:100px;}.kb-row-layout-id72588_dcbc55-51 .kt-row-layout-bottom-sep svg{width:100%;}.kb-row-layout-id72588_dcbc55-51 .kt-row-layout-bottom-sep svg{fill:#ffffff!important;}@media all and (max-width: 1024px){.kb-row-layout-id72588_dcbc55-51 > .kt-row-column-wrap{padding-top:6em;padding-right:1em;padding-bottom:6em;padding-left:1em;grid-template-columns:minmax(0, 1fr);}}@media all and (max-width: 1024px){.kb-row-layout-id72588_dcbc55-51 .kt-row-layout-bottom-sep{height:px;}}@media all and (max-width: 1024px){.kb-row-layout-id72588_dcbc55-51 .kt-row-layout-bottom-sep svg{width:%;}}@media all and (max-width: 767px){.kb-row-layout-id72588_dcbc55-51 > .kt-row-column-wrap{padding-top:6em;padding-bottom:6em;grid-template-columns:minmax(0, 1fr);}.kb-row-layout-id72588_dcbc55-51 > .kt-row-layout-overlay{opacity:0.00;}.kb-row-layout-id72588_dcbc55-51 .kt-row-layout-bottom-sep{height:px;}.kb-row-layout-id72588_dcbc55-51 .kt-row-layout-bottom-sep svg{width:%;}}<\/style><section class=\"kb-row-layout-wrap kb-row-layout-id72588_dcbc55-51 alignfull has-palette-color-2-background-color kt-row-has-bg fw-100 wp-block-kadence-rowlayout\"><div class=\"kt-row-column-wrap kt-has-2-columns kt-row-layout-equal kt-tab-layout-row kt-mobile-layout-row kt-row-valign-top kb-theme-content-width\">\n<style>.kadence-column72588_d4bd91-f2 > .kt-inside-inner-col{display:flex;}.kadence-column72588_d4bd91-f2 > .kt-inside-inner-col{padding-top:4em;padding-right:4em;padding-bottom:4em;padding-left:4em;}.kadence-column72588_d4bd91-f2 > .kt-inside-inner-col,.kadence-column72588_d4bd91-f2 > .kt-inside-inner-col:before{border-top-left-radius:0px;border-top-right-radius:0px;border-bottom-right-radius:0px;border-bottom-left-radius:0px;}.kadence-column72588_d4bd91-f2 > .kt-inside-inner-col{column-gap:var(--global-kb-gap-sm, 1rem);}.kadence-column72588_d4bd91-f2 > .kt-inside-inner-col{flex-direction:column;justify-content:flex-end;}.kadence-column72588_d4bd91-f2 > .kt-inside-inner-col > .aligncenter{width:100%;}.kt-row-column-wrap > .kadence-column72588_d4bd91-f2{align-self:flex-end;}.kt-inner-column-height-full:not(.kt-has-1-columns) > .wp-block-kadence-column.kadence-column72588_d4bd91-f2{align-self:auto;}.kt-inner-column-height-full:not(.kt-has-1-columns) > .wp-block-kadence-column.kadence-column72588_d4bd91-f2 > .kt-inside-inner-col{flex-direction:column;justify-content:flex-end;}.kadence-column72588_d4bd91-f2 > .kt-inside-inner-col{background-color:#ffffff;}.kadence-column72588_d4bd91-f2 > .kt-inside-inner-col:before{opacity:0.3;}.kadence-column72588_d4bd91-f2{position:relative;}@media all and (max-width: 1024px){.kadence-column72588_d4bd91-f2 > .kt-inside-inner-col{padding-top:4em;padding-right:4em;padding-bottom:4em;padding-left:4em;flex-direction:column;justify-content:flex-end;}}@media all and (max-width: 1024px){.kt-row-column-wrap > .kadence-column72588_d4bd91-f2{align-self:flex-end;}}@media all and (max-width: 1024px){.kt-inner-column-height-full:not(.kt-has-1-columns) > .wp-block-kadence-column.kadence-column72588_d4bd91-f2{align-self:auto;}}@media all and (max-width: 1024px){.kt-inner-column-height-full:not(.kt-has-1-columns) > .wp-block-kadence-column.kadence-column72588_d4bd91-f2 > .kt-inside-inner-col{flex-direction:column;justify-content:flex-end;}}@media all and (max-width: 767px){.kadence-column72588_d4bd91-f2 > .kt-inside-inner-col{padding-top:2em;padding-right:1em;padding-bottom:2em;padding-left:1em;flex-direction:column;justify-content:flex-end;}.kt-row-column-wrap > .kadence-column72588_d4bd91-f2{align-self:flex-end;}.kt-inner-column-height-full:not(.kt-has-1-columns) > .wp-block-kadence-column.kadence-column72588_d4bd91-f2{align-self:auto;}.kt-inner-column-height-full:not(.kt-has-1-columns) > .wp-block-kadence-column.kadence-column72588_d4bd91-f2 > .kt-inside-inner-col{flex-direction:column;justify-content:flex-end;}}<\/style>\n<div class=\"wp-block-kadence-column kadence-column72588_d4bd91-f2 inner-column-1\"><div class=\"kt-inside-inner-col\"><style>.wp-block-kadence-advancedheading.kt-adv-heading72588_2c8cf7-9b, .wp-block-kadence-advancedheading.kt-adv-heading72588_2c8cf7-9b[data-kb-block=\"kb-adv-heading72588_2c8cf7-9b\"]{font-style:normal;}.wp-block-kadence-advancedheading.kt-adv-heading72588_2c8cf7-9b mark.kt-highlight, .wp-block-kadence-advancedheading.kt-adv-heading72588_2c8cf7-9b[data-kb-block=\"kb-adv-heading72588_2c8cf7-9b\"] mark.kt-highlight{font-style:normal;color:#f76a0c;-webkit-box-decoration-break:clone;box-decoration-break:clone;padding-top:0px;padding-right:0px;padding-bottom:0px;padding-left:0px;}.wp-block-kadence-advancedheading.kt-adv-heading72588_2c8cf7-9b img.kb-inline-image, .wp-block-kadence-advancedheading.kt-adv-heading72588_2c8cf7-9b[data-kb-block=\"kb-adv-heading72588_2c8cf7-9b\"] img.kb-inline-image{width:150px;vertical-align:baseline;}<\/style>\n<h1 class=\"kt-adv-heading72588_2c8cf7-9b intro wp-block-kadence-advancedheading\" data-kb-block=\"kb-adv-heading72588_2c8cf7-9b\">Customers<\/h1>\n\n\n<style>.wp-block-kadence-advancedheading.kt-adv-heading72588_659bc1-76, .wp-block-kadence-advancedheading.kt-adv-heading72588_659bc1-76[data-kb-block=\"kb-adv-heading72588_659bc1-76\"]{margin-top:1rem;margin-bottom:1rem;font-style:normal;}.wp-block-kadence-advancedheading.kt-adv-heading72588_659bc1-76 mark.kt-highlight, .wp-block-kadence-advancedheading.kt-adv-heading72588_659bc1-76[data-kb-block=\"kb-adv-heading72588_659bc1-76\"] mark.kt-highlight{font-style:normal;color:#f76a0c;-webkit-box-decoration-break:clone;box-decoration-break:clone;padding-top:0px;padding-right:0px;padding-bottom:0px;padding-left:0px;}.wp-block-kadence-advancedheading.kt-adv-heading72588_659bc1-76 img.kb-inline-image, .wp-block-kadence-advancedheading.kt-adv-heading72588_659bc1-76[data-kb-block=\"kb-adv-heading72588_659bc1-76\"] img.kb-inline-image{width:150px;vertical-align:baseline;}<\/style>\n<h2 class=\"kt-adv-heading72588_659bc1-76 wp-block-kadence-advancedheading\" data-kb-block=\"kb-adv-heading72588_659bc1-76\">Customer Case Studies<\/h2>\n\n\n\n<p>Every industry is different and faces different business requirements. Storegate has been helping Swedish companies, authorities and municipalities with secure cloud solutions since 2003 and is represented in a number of different industries. <\/p>\n<\/div><\/div>\n\n\n<style>.kadence-column72588_d3cd34-f2 > .kt-inside-inner-col,.kadence-column72588_d3cd34-f2 > .kt-inside-inner-col:before{border-top-left-radius:0px;border-top-right-radius:0px;border-bottom-right-radius:0px;border-bottom-left-radius:0px;}.kadence-column72588_d3cd34-f2 > .kt-inside-inner-col{column-gap:var(--global-kb-gap-sm, 1rem);}.kadence-column72588_d3cd34-f2 > .kt-inside-inner-col{flex-direction:column;}.kadence-column72588_d3cd34-f2 > .kt-inside-inner-col > .aligncenter{width:100%;}.kadence-column72588_d3cd34-f2 > .kt-inside-inner-col:before{opacity:0.3;}.kadence-column72588_d3cd34-f2{position:relative;}@media all and (max-width: 1024px){.kadence-column72588_d3cd34-f2 > .kt-inside-inner-col{flex-direction:column;justify-content:center;}}@media all and (max-width: 767px){.kadence-column72588_d3cd34-f2 > .kt-inside-inner-col{flex-direction:column;justify-content:center;}}<\/style>\n<div class=\"wp-block-kadence-column kadence-column72588_d3cd34-f2 inner-column-2\"><div class=\"kt-inside-inner-col\"><\/div><\/div>\n\n<\/div><\/section>\n\n<div class=\"wpv-view-output\" data-toolset-views-view-editor=\"150c71c95f3a906dd77225d100c08d33\"><div class=\"wp-block-toolset-views-view-editor\"><div id=\"wpv-view-layout-64797\" class=\"js-wpv-view-layout js-wpv-layout-responsive js-wpv-view-layout-64797\" data-viewnumber=\"64797\" data-pagination=\"{&quot;id&quot;:64797,&quot;query&quot;:&quot;normal&quot;,&quot;type&quot;:&quot;paged&quot;,&quot;effect&quot;:&quot;fade&quot;,&quot;duration&quot;:500,&quot;speed&quot;:5,&quot;pause_on_hover&quot;:&quot;disabled&quot;,&quot;stop_rollover&quot;:&quot;false&quot;,&quot;cache_pages&quot;:&quot;enabled&quot;,&quot;preload_images&quot;:&quot;enabled&quot;,&quot;preload_pages&quot;:&quot;enabled&quot;,&quot;preload_reach&quot;:1,&quot;spinner&quot;:&quot;builtin&quot;,&quot;spinner_image&quot;:&quot;https:\/\/www.storegate.com\/wp-content\/plugins\/toolset-blocks\/embedded\/res\/img\/ajax-loader.svg&quot;,&quot;callback_next&quot;:&quot;&quot;,&quot;manage_history&quot;:&quot;enabled&quot;,&quot;has_controls_in_form&quot;:&quot;disabled&quot;,&quot;infinite_tolerance&quot;:&quot;0&quot;,&quot;max_pages&quot;:2,&quot;page&quot;:1,&quot;base_permalink&quot;:&quot;\/en\/wp-json\/wp\/v2\/pages\/72588?wpv_view_count=64797&amp;wpv_paged=WPV_PAGE_NUM&quot;,&quot;loop&quot;:{&quot;type&quot;:&quot;&quot;,&quot;name&quot;:&quot;&quot;,&quot;data&quot;:[],&quot;id&quot;:0}}\" data-permalink=\"\/en\/wp-json\/wp\/v2\/pages\/72588?wpv_view_count=64797\">\n\n<div class=\"js-wpv-loop-wrapper\"><div class=\"tb-grid\"><div class=\"tb-grid-column\">\n\n<div class=\"wp-block-toolset-views-view-template-block wpv-block-loop-item php-to-be-replaced-with-shortcode\" data-toolset-views-view-template-block=\"3c488332b2246beea8b561f503852dca\">\n<a class=\"wp-block-toolset-blocks-container tb-container\" href=\"https:\/\/www.storegate.com\/en\/kund\/svealand-traffic\/\" style=\"display:block\" data-toolset-blocks-container=\"f898ff32a53f4e64494232cf9af9b540\">\n<div class=\"has-large-font-size is-layout-flow wp-block-cover-is-layout-flow\" style=\"min-height:250px;aspect-ratio:unset;\"><span aria-hidden=\"true\" class=\"wp-block-cover__background has-background-dim-0 has-background-dim\"><\/span><img decoding=\"async\" class=\"wp-block-cover__image-background\" alt=\"\" src=\"https:\/\/www.storegate.com\/wp-content\/uploads\/2025\/05\/Svealandstrafiken.png\" data-object-fit=\"cover\"><div class=\"wp-block-cover__inner-container\"><\/div><\/div>\n\n\n\n<h2 class=\"tb-heading\" data-toolset-blocks-heading=\"6754d9312eb45a73ed40531186b51ae6\" data-last-update=\"1.4\">Svealandstrafiken<\/h2>\n<\/a>\n<\/div>\n\n<\/div><div class=\"tb-grid-column\">\n\n<div class=\"wp-block-toolset-views-view-template-block wpv-block-loop-item php-to-be-replaced-with-shortcode\" data-toolset-views-view-template-block=\"3c488332b2246beea8b561f503852dca\">\n<a class=\"wp-block-toolset-blocks-container tb-container\" href=\"https:\/\/www.storegate.com\/en\/kund\/motala-municipality\/\" style=\"display:block\" data-toolset-blocks-container=\"f898ff32a53f4e64494232cf9af9b540\">\n<div class=\"has-large-font-size is-layout-flow wp-block-cover-is-layout-flow\" style=\"min-height:250px;aspect-ratio:unset;\"><span aria-hidden=\"true\" class=\"wp-block-cover__background has-background-dim-0 has-background-dim\"><\/span><img decoding=\"async\" class=\"wp-block-cover__image-background\" alt=\"\" src=\"https:\/\/www.storegate.com\/wp-content\/uploads\/2025\/02\/Motala.png\" data-object-fit=\"cover\"><div class=\"wp-block-cover__inner-container\"><\/div><\/div>\n\n\n\n<h2 class=\"tb-heading\" data-toolset-blocks-heading=\"6754d9312eb45a73ed40531186b51ae6\" data-last-update=\"1.4\">Motala municipality<\/h2>\n<\/a>\n<\/div>\n\n<\/div><div class=\"tb-grid-column\">\n\n<div class=\"wp-block-toolset-views-view-template-block wpv-block-loop-item php-to-be-replaced-with-shortcode\" data-toolset-views-view-template-block=\"3c488332b2246beea8b561f503852dca\">\n<a class=\"wp-block-toolset-blocks-container tb-container\" href=\"https:\/\/www.storegate.com\/en\/kund\/authority\/\" style=\"display:block\" data-toolset-blocks-container=\"f898ff32a53f4e64494232cf9af9b540\">\n<div class=\"has-large-font-size is-layout-flow wp-block-cover-is-layout-flow\" style=\"min-height:250px;aspect-ratio:unset;\"><span aria-hidden=\"true\" class=\"wp-block-cover__background has-background-dim-0 has-background-dim\"><\/span><img decoding=\"async\" class=\"wp-block-cover__image-background\" alt=\"\" src=\"https:\/\/www.storegate.com\/wp-content\/uploads\/2024\/07\/Myndighet-1.png\" data-object-fit=\"cover\"><div class=\"wp-block-cover__inner-container\"><\/div><\/div>\n\n\n\n<h2 class=\"tb-heading\" data-toolset-blocks-heading=\"6754d9312eb45a73ed40531186b51ae6\" data-last-update=\"1.4\">Authority<\/h2>\n<\/a>\n<\/div>\n\n<\/div><div class=\"tb-grid-column\">\n\n<div class=\"wp-block-toolset-views-view-template-block wpv-block-loop-item php-to-be-replaced-with-shortcode\" data-toolset-views-view-template-block=\"3c488332b2246beea8b561f503852dca\">\n<a class=\"wp-block-toolset-blocks-container tb-container\" href=\"https:\/\/www.storegate.com\/en\/kund\/csn\/\" style=\"display:block\" data-toolset-blocks-container=\"f898ff32a53f4e64494232cf9af9b540\">\n<div class=\"has-large-font-size is-layout-flow wp-block-cover-is-layout-flow\" style=\"min-height:250px;aspect-ratio:unset;\"><span aria-hidden=\"true\" class=\"wp-block-cover__background has-background-dim-0 has-background-dim\"><\/span><img decoding=\"async\" class=\"wp-block-cover__image-background\" alt=\"\" src=\"https:\/\/www.storegate.com\/wp-content\/uploads\/2023\/09\/CSN-kundcase.png\" data-object-fit=\"cover\"><div class=\"wp-block-cover__inner-container\"><\/div><\/div>\n\n\n\n<h2 class=\"tb-heading\" data-toolset-blocks-heading=\"6754d9312eb45a73ed40531186b51ae6\" data-last-update=\"1.4\">CSN<\/h2>\n<\/a>\n<\/div>\n\n<\/div><div class=\"tb-grid-column\">\n\n<div class=\"wp-block-toolset-views-view-template-block wpv-block-loop-item php-to-be-replaced-with-shortcode\" data-toolset-views-view-template-block=\"3c488332b2246beea8b561f503852dca\">\n<a class=\"wp-block-toolset-blocks-container tb-container\" href=\"https:\/\/www.storegate.com\/en\/kund\/ifous\/\" style=\"display:block\" data-toolset-blocks-container=\"f898ff32a53f4e64494232cf9af9b540\">\n<div class=\"has-large-font-size is-layout-flow wp-block-cover-is-layout-flow\" style=\"min-height:250px;aspect-ratio:unset;\"><span aria-hidden=\"true\" class=\"wp-block-cover__background has-background-dim-0 has-background-dim\"><\/span><img decoding=\"async\" class=\"wp-block-cover__image-background\" alt=\"\" src=\"https:\/\/www.storegate.com\/wp-content\/uploads\/2023\/09\/Ifous-kundcase.png\" data-object-fit=\"cover\"><div class=\"wp-block-cover__inner-container\"><\/div><\/div>\n\n\n\n<h2 class=\"tb-heading\" data-toolset-blocks-heading=\"6754d9312eb45a73ed40531186b51ae6\" data-last-update=\"1.4\">Ifous<\/h2>\n<\/a>\n<\/div>\n\n<\/div><div class=\"tb-grid-column\">\n\n<div class=\"wp-block-toolset-views-view-template-block wpv-block-loop-item php-to-be-replaced-with-shortcode\" data-toolset-views-view-template-block=\"3c488332b2246beea8b561f503852dca\">\n<a class=\"wp-block-toolset-blocks-container tb-container\" href=\"https:\/\/www.storegate.com\/en\/kund\/strangnas-municipality\/\" style=\"display:block\" data-toolset-blocks-container=\"f898ff32a53f4e64494232cf9af9b540\">\n<div class=\"has-large-font-size is-layout-flow wp-block-cover-is-layout-flow\" style=\"min-height:250px;aspect-ratio:unset;\"><span aria-hidden=\"true\" class=\"wp-block-cover__background has-background-dim-0 has-background-dim\"><\/span><img decoding=\"async\" class=\"wp-block-cover__image-background\" alt=\"\" src=\"https:\/\/www.storegate.com\/wp-content\/uploads\/2023\/09\/Strangnas-kundcase-NY.png\" data-object-fit=\"cover\"><div class=\"wp-block-cover__inner-container\"><\/div><\/div>\n\n\n\n<h2 class=\"tb-heading\" data-toolset-blocks-heading=\"6754d9312eb45a73ed40531186b51ae6\" data-last-update=\"1.4\">Str\u00e4ngn\u00e4s municipality<\/h2>\n<\/a>\n<\/div>\n\n<\/div><div class=\"tb-grid-column\">\n\n<div class=\"wp-block-toolset-views-view-template-block wpv-block-loop-item php-to-be-replaced-with-shortcode\" data-toolset-views-view-template-block=\"3c488332b2246beea8b561f503852dca\">\n<a class=\"wp-block-toolset-blocks-container tb-container\" href=\"https:\/\/www.storegate.com\/en\/kund\/ssf-theft-protection-association\/\" style=\"display:block\" data-toolset-blocks-container=\"f898ff32a53f4e64494232cf9af9b540\">\n<div class=\"has-large-font-size is-layout-flow wp-block-cover-is-layout-flow\" style=\"min-height:250px;aspect-ratio:unset;\"><span aria-hidden=\"true\" class=\"wp-block-cover__background has-background-dim-0 has-background-dim\"><\/span><img decoding=\"async\" class=\"wp-block-cover__image-background\" alt=\"\" src=\"https:\/\/www.storegate.com\/wp-content\/uploads\/2023\/09\/SSF-kundcase.png\" data-object-fit=\"cover\"><div class=\"wp-block-cover__inner-container\"><\/div><\/div>\n\n\n\n<h2 class=\"tb-heading\" data-toolset-blocks-heading=\"6754d9312eb45a73ed40531186b51ae6\" data-last-update=\"1.4\">SSF St\u00f6ldskyddsf\u00f6reningen<\/h2>\n<\/a>\n<\/div>\n\n<\/div><div class=\"tb-grid-column\">\n\n<div class=\"wp-block-toolset-views-view-template-block wpv-block-loop-item php-to-be-replaced-with-shortcode\" data-toolset-views-view-template-block=\"3c488332b2246beea8b561f503852dca\">\n<a class=\"wp-block-toolset-blocks-container tb-container\" href=\"https:\/\/www.storegate.com\/en\/kund\/non-profit-welfare\/\" style=\"display:block\" data-toolset-blocks-container=\"f898ff32a53f4e64494232cf9af9b540\">\n<div class=\"has-large-font-size is-layout-flow wp-block-cover-is-layout-flow\" style=\"min-height:250px;aspect-ratio:unset;\"><span aria-hidden=\"true\" class=\"wp-block-cover__background has-background-dim-0 has-background-dim\"><\/span><img decoding=\"async\" class=\"wp-block-cover__image-background\" alt=\"\" src=\"https:\/\/www.storegate.com\/wp-content\/uploads\/2023\/09\/IV-kundcase.png\" data-object-fit=\"cover\"><div class=\"wp-block-cover__inner-container\"><\/div><\/div>\n\n\n\n<h2 class=\"tb-heading\" data-toolset-blocks-heading=\"6754d9312eb45a73ed40531186b51ae6\" data-last-update=\"1.4\">Id\u00e9buren v\u00e4lf\u00e4rd<\/h2>\n<\/a>\n<\/div>\n\n<\/div><div class=\"tb-grid-column\">\n\n<div class=\"wp-block-toolset-views-view-template-block wpv-block-loop-item php-to-be-replaced-with-shortcode\" data-toolset-views-view-template-block=\"3c488332b2246beea8b561f503852dca\">\n<a class=\"wp-block-toolset-blocks-container tb-container\" href=\"https:\/\/www.storegate.com\/en\/kund\/tcc\/\" style=\"display:block\" data-toolset-blocks-container=\"f898ff32a53f4e64494232cf9af9b540\">\n<div class=\"has-large-font-size is-layout-flow wp-block-cover-is-layout-flow\" style=\"min-height:250px;aspect-ratio:unset;\"><span aria-hidden=\"true\" class=\"wp-block-cover__background has-background-dim-0 has-background-dim\"><\/span><img decoding=\"async\" class=\"wp-block-cover__image-background\" alt=\"\" src=\"https:\/\/www.storegate.com\/wp-content\/uploads\/2023\/09\/TCC-kundcase.png\" data-object-fit=\"cover\"><div class=\"wp-block-cover__inner-container\"><\/div><\/div>\n\n\n\n<h2 class=\"tb-heading\" data-toolset-blocks-heading=\"6754d9312eb45a73ed40531186b51ae6\" data-last-update=\"1.4\">TCC<\/h2>\n<\/a>\n<\/div>\n\n<\/div><div class=\"tb-grid-column\">\n\n<div class=\"wp-block-toolset-views-view-template-block wpv-block-loop-item php-to-be-replaced-with-shortcode\" data-toolset-views-view-template-block=\"3c488332b2246beea8b561f503852dca\">\n<a class=\"wp-block-toolset-blocks-container tb-container\" href=\"https:\/\/www.storegate.com\/en\/kund\/jonasson-accounting\/\" style=\"display:block\" data-toolset-blocks-container=\"f898ff32a53f4e64494232cf9af9b540\">\n<div class=\"has-large-font-size is-layout-flow wp-block-cover-is-layout-flow\" style=\"min-height:250px;aspect-ratio:unset;\"><span aria-hidden=\"true\" class=\"wp-block-cover__background has-background-dim-0 has-background-dim\"><\/span><img decoding=\"async\" class=\"wp-block-cover__image-background\" alt=\"\" src=\"https:\/\/www.storegate.com\/wp-content\/uploads\/2023\/09\/Jonassons-kundcase.png\" data-object-fit=\"cover\"><div class=\"wp-block-cover__inner-container\"><\/div><\/div>\n\n\n\n<h2 class=\"tb-heading\" data-toolset-blocks-heading=\"6754d9312eb45a73ed40531186b51ae6\" data-last-update=\"1.4\">Jonasson Accounting<\/h2>\n<\/a>\n<\/div>\n\n<\/div><\/div><\/div>\n\n\n<div class=\"wpv-pagination-nav-links\" data-toolset-views-view-pagination-block=\"cdfd4c4737b2898eba4443dd59a1bf50\"><ul class=\"wpv-pagination-nav-links-container js-wpv-pagination-nav-links-container pagination\"><li class=\"wpv-pagination-nav-links-item js-wpv-pagination-nav-links-item page-item wpv-page-link-64797-1 js-wpv-page-link-64797-1 wpv_page_current wpv-pagination-nav-links-item-current active\"><span class=\"wpv-filter-pagination-link page-link\">1<\/span><\/li><li class=\"wpv-pagination-nav-links-item js-wpv-pagination-nav-links-item page-item wpv-page-link-64797-2 js-wpv-page-link-64797-2\"><a class=\"wpv-filter-pagination-link js-wpv-pagination-link page-link\" title=\"2\" href=\"\/en\/wp-json\/wp\/v2\/pages\/72588?wpv_view_count=64797&#038;wpv_paged=2\" data-viewnumber=\"64797\" data-page=\"2\">2<\/a><\/li><\/ul><\/div>\n\n<\/div><\/div><form autocomplete=\"off\" name=\"wpv-filter-64797\" action=\"\/en\/wp-json\/wp\/v2\/pages\/72588?wpv_view_count=64797\" method=\"get\" class=\"wpv-filter-form js-wpv-filter-form js-wpv-filter-form-64797 js-wpv-form-full\" data-viewnumber=\"64797\" data-viewid=\"64797\" data-viewhash=\"eyJuYW1lIjoia3VuZGVyX2Fya2l2In0=\" data-viewwidgetid=\"0\" data-orderby=\"\" data-order=\"\" data-orderbyas=\"\" data-orderbysecond=\"\" data-ordersecond=\"\" data-parametric=\"{&quot;query&quot;:&quot;normal&quot;,&quot;id&quot;:64797,&quot;view_id&quot;:64797,&quot;widget_id&quot;:0,&quot;view_hash&quot;:&quot;64797&quot;,&quot;action&quot;:&quot;\\\/en\\\/wp-json\\\/wp\\\/v2\\\/pages\\\/72588?wpv_view_count=64797&quot;,&quot;sort&quot;:{&quot;orderby&quot;:&quot;&quot;,&quot;order&quot;:&quot;&quot;,&quot;orderby_as&quot;:&quot;&quot;,&quot;orderby_second&quot;:&quot;&quot;,&quot;order_second&quot;:&quot;&quot;},&quot;orderby&quot;:&quot;&quot;,&quot;order&quot;:&quot;&quot;,&quot;orderby_as&quot;:&quot;&quot;,&quot;orderby_second&quot;:&quot;&quot;,&quot;order_second&quot;:&quot;&quot;,&quot;ajax_form&quot;:&quot;&quot;,&quot;ajax_results&quot;:&quot;&quot;,&quot;effect&quot;:&quot;fade&quot;,&quot;prebefore&quot;:&quot;&quot;,&quot;before&quot;:&quot;&quot;,&quot;after&quot;:&quot;&quot;,&quot;attributes&quot;:[],&quot;environment&quot;:{&quot;current_post_id&quot;:72588,&quot;parent_post_id&quot;:72588,&quot;parent_term_id&quot;:0,&quot;parent_user_id&quot;:0,&quot;archive&quot;:{&quot;type&quot;:&quot;&quot;,&quot;name&quot;:&quot;&quot;,&quot;data&quot;:[]}},&quot;loop&quot;:{&quot;type&quot;:&quot;&quot;,&quot;name&quot;:&quot;&quot;,&quot;data&quot;:[],&quot;id&quot;:0}}\" data-attributes=\"[]\" data-environment=\"{&quot;current_post_id&quot;:72588,&quot;parent_post_id&quot;:72588,&quot;parent_term_id&quot;:0,&quot;parent_user_id&quot;:0,&quot;archive&quot;:{&quot;type&quot;:&quot;&quot;,&quot;name&quot;:&quot;&quot;,&quot;data&quot;:[]}}\"><input type=\"hidden\" class=\"js-wpv-dps-filter-data js-wpv-filter-data-for-this-form\" data-action=\"\/en\/wp-json\/wp\/v2\/pages\/72588?wpv_view_count=64797\" data-page=\"1\" data-ajax=\"disable\" data-effect=\"fade\" data-maxpages=\"2\" data-ajaxprebefore=\"\" data-ajaxbefore=\"\" data-ajaxafter=\"\" \/><input class=\"wpv_view_count wpv_view_count-64797\" type=\"hidden\" name=\"wpv_view_count\" value=\"64797\" \/>\n\n<\/form><\/div>","protected":false},"excerpt":{"rendered":"<p>Customers Customer Case Studies Every industry is different and faces different business requirements. Storegate has been helping Swedish companies, authorities and municipalities with secure cloud solutions since 2003 and is represented in a number of different industries.<\/p>\n","protected":false},"author":1,"featured_media":0,"parent":0,"menu_order":0,"comment_status":"closed","ping_status":"closed","template":"","meta":{"inline_featured_image":false,"footnotes":""},"class_list":["post-72588","page","type-page","status-publish","hentry"],"blocksy_meta":{"styles_descriptor":{"styles":{"desktop":"","tablet":"","mobile":""},"google_fonts":[],"version":6}},"featured_image_src":null,"_links":{"self":[{"href":"https:\/\/www.storegate.com\/en\/wp-json\/wp\/v2\/pages\/72588","targetHints":{"allow":["GET"]}}],"collection":[{"href":"https:\/\/www.storegate.com\/en\/wp-json\/wp\/v2\/pages"}],"about":[{"href":"https:\/\/www.storegate.com\/en\/wp-json\/wp\/v2\/types\/page"}],"author":[{"embeddable":true,"href":"https:\/\/www.storegate.com\/en\/wp-json\/wp\/v2\/users\/1"}],"replies":[{"embeddable":true,"href":"https:\/\/www.storegate.com\/en\/wp-json\/wp\/v2\/comments?post=72588"}],"version-history":[{"count":4,"href":"https:\/\/www.storegate.com\/en\/wp-json\/wp\/v2\/pages\/72588\/revisions"}],"predecessor-version":[{"id":72788,"href":"https:\/\/www.storegate.com\/en\/wp-json\/wp\/v2\/pages\/72588\/revisions\/72788"}],"wp:attachment":[{"href":"https:\/\/www.storegate.com\/en\/wp-json\/wp\/v2\/media?parent=72588"}],"curies":[{"name":"wp","href":"https:\/\/api.w.org\/{rel}","templated":true}]}}