{"id":72584,"date":"2022-03-01T14:20:40","date_gmt":"2022-03-01T13:20:40","guid":{"rendered":"https:\/\/www.storegate.com\/staging-site\/careers\/"},"modified":"2025-02-12T11:00:41","modified_gmt":"2025-02-12T10:00:41","slug":"careers","status":"publish","type":"page","link":"https:\/\/www.storegate.com\/en\/careers\/","title":{"rendered":"Careers"},"content":{"rendered":"<style>#kt-layout-id_5e1725-13{margin-bottom:4em;}#kt-layout-id_5e1725-13 > .kt-row-column-wrap{align-content:start;}:where(#kt-layout-id_5e1725-13 > .kt-row-column-wrap) > .wp-block-kadence-column{justify-content:start;}#kt-layout-id_5e1725-13 > .kt-row-column-wrap{column-gap:var(--global-kb-gap-none, 0rem );row-gap:var(--global-kb-gap-none, 0rem );max-width:1220px;padding-top:var( --global-kb-row-default-top, 25px );padding-bottom:var( --global-kb-row-default-bottom, 25px );padding-top:6em;padding-bottom:6em;padding-left:0em;padding-right:0em;grid-template-columns:minmax(0, calc(60% - ((var(--global-kb-gap-none, 0rem ) * 1 )\/2)))minmax(0, calc(40% - ((var(--global-kb-gap-none, 0rem ) * 1 )\/2)));}#kt-layout-id_5e1725-13 > .kt-row-layout-overlay{opacity:1;mix-blend-mode:normal;}#kt-layout-id_5e1725-13 .kt-row-layout-bottom-sep{height:100px;}#kt-layout-id_5e1725-13 .kt-row-layout-bottom-sep svg{width:100%;}#kt-layout-id_5e1725-13 .kt-row-layout-bottom-sep svg{fill:#ffffff!important;}@media all and (max-width: 1024px){#kt-layout-id_5e1725-13 > .kt-row-column-wrap{padding-top:6em;padding-right:1em;padding-bottom:6em;padding-left:1em;grid-template-columns:minmax(0, 1fr);}}@media all and (max-width: 1024px){#kt-layout-id_5e1725-13 .kt-row-layout-bottom-sep{height:px;}}@media all and (max-width: 1024px){#kt-layout-id_5e1725-13 .kt-row-layout-bottom-sep svg{width:%;}}@media all and (max-width: 767px){#kt-layout-id_5e1725-13 > .kt-row-column-wrap{padding-top:6em;padding-bottom:6em;grid-template-columns:minmax(0, 1fr);}#kt-layout-id_5e1725-13 > .kt-row-layout-overlay{opacity:0.00;}#kt-layout-id_5e1725-13 .kt-row-layout-bottom-sep{height:px;}#kt-layout-id_5e1725-13 .kt-row-layout-bottom-sep svg{width:%;}}<\/style>\n<section class=\"wp-block-kadence-rowlayout alignfull fw-100\"><div id=\"kt-layout-id_5e1725-13\" class=\"kt-row-layout-inner kt-row-has-bg kt-layout-id_5e1725-13 has-palette-color-2-background-color\"><div class=\"kt-row-layout-overlay kt-row-overlay-normal\"><\/div><div class=\"kt-row-column-wrap kt-has-2-columns kt-gutter-none kt-v-gutter-none kt-row-valign-top kt-row-layout-equal kt-tab-layout-row kt-m-colapse-left-to-right kt-mobile-layout-row  kt-custom-first-width-60  kt-custom-second-width-40 kb-theme-content-width\"><style>.kadence-column_cf1129-91 > .kt-inside-inner-col{display:flex;}.kadence-column_cf1129-91 > .kt-inside-inner-col{padding-top:4em;padding-bottom:4em;padding-left:4em;padding-right:4em;}.kadence-column_cf1129-91 > .kt-inside-inner-col{border-top-width:0px;border-right-width:0px;border-bottom-width:0px;border-left-width:0px;}.kadence-column_cf1129-91 > .kt-inside-inner-col,.kadence-column_cf1129-91 > .kt-inside-inner-col:before{border-top-left-radius:0px;border-top-right-radius:0px;border-bottom-right-radius:0px;border-bottom-left-radius:0px;}.kadence-column_cf1129-91 > .kt-inside-inner-col{column-gap:var(--global-kb-gap-sm, 1rem);}.kadence-column_cf1129-91 > .kt-inside-inner-col{flex-direction:column;justify-content:flex-end;}.kadence-column_cf1129-91 > .kt-inside-inner-col > .aligncenter{width:100%;}.kt-row-column-wrap > .kadence-column_cf1129-91{align-self:flex-end;}.kt-inner-column-height-full:not(.kt-has-1-columns) > .wp-block-kadence-column.kadence-column_cf1129-91{align-self:auto;}.kt-inner-column-height-full:not(.kt-has-1-columns) > .wp-block-kadence-column.kadence-column_cf1129-91 > .kt-inside-inner-col{flex-direction:column;justify-content:flex-end;}.kadence-column_cf1129-91 > .kt-inside-inner-col{background-color:#ffffff;}.kadence-column_cf1129-91 > .kt-inside-inner-col:before{opacity:0.3;}.kadence-column_cf1129-91{position:relative;}@media all and (max-width: 1024px){.kadence-column_cf1129-91 > .kt-inside-inner-col{padding-top:4em;padding-bottom:4em;padding-left:4em;padding-right:4em;flex-direction:column;justify-content:flex-end;}}@media all and (max-width: 1024px){.kt-row-column-wrap > .kadence-column_cf1129-91{align-self:flex-end;}}@media all and (max-width: 1024px){.kt-inner-column-height-full:not(.kt-has-1-columns) > .wp-block-kadence-column.kadence-column_cf1129-91{align-self:auto;}}@media all and (max-width: 1024px){.kt-inner-column-height-full:not(.kt-has-1-columns) > .wp-block-kadence-column.kadence-column_cf1129-91 > .kt-inside-inner-col{flex-direction:column;justify-content:flex-end;}}@media all and (max-width: 767px){.kadence-column_cf1129-91 > .kt-inside-inner-col{padding-top:2em;padding-bottom:2em;padding-left:1em;padding-right:1em;flex-direction:column;justify-content:flex-end;}.kt-row-column-wrap > .kadence-column_cf1129-91{align-self:flex-end;}.kt-inner-column-height-full:not(.kt-has-1-columns) > .wp-block-kadence-column.kadence-column_cf1129-91{align-self:auto;}.kt-inner-column-height-full:not(.kt-has-1-columns) > .wp-block-kadence-column.kadence-column_cf1129-91 > .kt-inside-inner-col{flex-direction:column;justify-content:flex-end;}}<\/style>\n<div class=\"wp-block-kadence-column inner-column-1 kadence-column_cf1129-91\"><div class=\"kt-inside-inner-col\"><style>.wp-block-kadence-advancedheading.kt-adv-heading_21b365-07, .wp-block-kadence-advancedheading.kt-adv-heading_21b365-07[data-kb-block=\"kb-adv-heading_21b365-07\"]{font-style:normal;}.wp-block-kadence-advancedheading.kt-adv-heading_21b365-07 mark.kt-highlight, .wp-block-kadence-advancedheading.kt-adv-heading_21b365-07[data-kb-block=\"kb-adv-heading_21b365-07\"] mark.kt-highlight{font-style:normal;color:#f76a0c;-webkit-box-decoration-break:clone;box-decoration-break:clone;padding-top:0px;padding-right:0px;padding-bottom:0px;padding-left:0px;}.wp-block-kadence-advancedheading.kt-adv-heading_21b365-07 img.kb-inline-image, .wp-block-kadence-advancedheading.kt-adv-heading_21b365-07[data-kb-block=\"kb-adv-heading_21b365-07\"] img.kb-inline-image{width:150px;vertical-align:baseline;}<\/style>\n<h1 class=\"kt-adv-heading_21b365-07 intro wp-block-kadence-advancedheading\" data-kb-block=\"kb-adv-heading_21b365-07\">Careers<\/h1>\n\n\n<style>.wp-block-kadence-advancedheading.kt-adv-heading_12fde9-df, .wp-block-kadence-advancedheading.kt-adv-heading_12fde9-df[data-kb-block=\"kb-adv-heading_12fde9-df\"]{margin-top:1rem;margin-bottom:1rem;font-style:normal;}.wp-block-kadence-advancedheading.kt-adv-heading_12fde9-df mark.kt-highlight, .wp-block-kadence-advancedheading.kt-adv-heading_12fde9-df[data-kb-block=\"kb-adv-heading_12fde9-df\"] mark.kt-highlight{font-style:normal;color:#f76a0c;-webkit-box-decoration-break:clone;box-decoration-break:clone;padding-top:0px;padding-right:0px;padding-bottom:0px;padding-left:0px;}.wp-block-kadence-advancedheading.kt-adv-heading_12fde9-df img.kb-inline-image, .wp-block-kadence-advancedheading.kt-adv-heading_12fde9-df[data-kb-block=\"kb-adv-heading_12fde9-df\"] img.kb-inline-image{width:150px;vertical-align:baseline;}<\/style>\n<h2 class=\"kt-adv-heading_12fde9-df wp-block-kadence-advancedheading\" data-kb-block=\"kb-adv-heading_12fde9-df\">Interested in working with us?<\/h2>\n\n\n\n<p>We are always interested in connecting with new people and potential employees.<\/p>\n\n\n\n<p>Send your application to <a href=\"mailto:career@storegate.com\">career@storegate.com<\/a><\/p>\n<\/div><\/div>\n\n\n<style>.kadence-column_1d5433-c1 > .kt-inside-inner-col{border-top-width:0px;border-right-width:0px;border-bottom-width:0px;border-left-width:0px;}.kadence-column_1d5433-c1 > .kt-inside-inner-col,.kadence-column_1d5433-c1 > .kt-inside-inner-col:before{border-top-left-radius:0px;border-top-right-radius:0px;border-bottom-right-radius:0px;border-bottom-left-radius:0px;}.kadence-column_1d5433-c1 > .kt-inside-inner-col{column-gap:var(--global-kb-gap-sm, 1rem);}.kadence-column_1d5433-c1 > .kt-inside-inner-col{flex-direction:column;}.kadence-column_1d5433-c1 > .kt-inside-inner-col > .aligncenter{width:100%;}.kadence-column_1d5433-c1 > .kt-inside-inner-col:before{opacity:0.3;}.kadence-column_1d5433-c1{position:relative;}@media all and (max-width: 1024px){.kadence-column_1d5433-c1 > .kt-inside-inner-col{flex-direction:column;justify-content:center;}}@media all and (max-width: 767px){.kadence-column_1d5433-c1 > .kt-inside-inner-col{flex-direction:column;justify-content:center;}}<\/style>\n<div class=\"wp-block-kadence-column inner-column-2 kadence-column_1d5433-c1\"><div class=\"kt-inside-inner-col\"><\/div><\/div>\n<\/div><\/div><\/section>\n<div class=\"wpv-view-output\" data-toolset-views-view-editor=\"a008717601b55915ca67cfcb1889bd32\"><div class=\"wp-block-toolset-views-view-editor\"><div id=\"wpv-view-layout-64664\" class=\"js-wpv-view-layout js-wpv-layout-responsive js-wpv-view-layout-64664\" data-viewnumber=\"64664\" data-pagination=\"{&quot;id&quot;:64664,&quot;query&quot;:&quot;normal&quot;,&quot;type&quot;:&quot;paged&quot;,&quot;effect&quot;:&quot;fade&quot;,&quot;duration&quot;:500,&quot;speed&quot;:5,&quot;pause_on_hover&quot;:&quot;disabled&quot;,&quot;stop_rollover&quot;:&quot;false&quot;,&quot;cache_pages&quot;:&quot;enabled&quot;,&quot;preload_images&quot;:&quot;enabled&quot;,&quot;preload_pages&quot;:&quot;enabled&quot;,&quot;preload_reach&quot;:1,&quot;spinner&quot;:&quot;builtin&quot;,&quot;spinner_image&quot;:&quot;https:\/\/www.storegate.com\/wp-content\/plugins\/toolset-blocks\/embedded\/res\/img\/ajax-loader.svg&quot;,&quot;callback_next&quot;:&quot;&quot;,&quot;manage_history&quot;:&quot;enabled&quot;,&quot;has_controls_in_form&quot;:&quot;disabled&quot;,&quot;infinite_tolerance&quot;:&quot;0&quot;,&quot;max_pages&quot;:1,&quot;page&quot;:1,&quot;base_permalink&quot;:&quot;\/en\/wp-json\/wp\/v2\/pages\/72584?wpv_view_count=64664&amp;wpv_paged=WPV_PAGE_NUM&quot;,&quot;loop&quot;:{&quot;type&quot;:&quot;&quot;,&quot;name&quot;:&quot;&quot;,&quot;data&quot;:[],&quot;id&quot;:0}}\" data-permalink=\"\/en\/wp-json\/wp\/v2\/pages\/72584?wpv_view_count=64664\">\n<div class=\"js-wpv-loop-wrapper\"><div class=\"tb-grid\"><div class=\"tb-grid-column\">\n<div class=\"wp-block-toolset-views-view-template-block wpv-block-loop-item php-to-be-replaced-with-shortcode\" data-toolset-views-view-template-block=\"61b1336496653aa2025dcd07d1a9b2e8\">\n<a class=\"wp-block-toolset-blocks-container tb-container\" href=\"https:\/\/www.storegate.com\/en\/ledig-tjanst\/spontanansokan\/\" style=\"display:block\" data-toolset-blocks-container=\"202a711c3d5a6049b63fd3bfb632335f\">\n<h2 class=\"tb-heading\" data-toolset-blocks-heading=\"64563af123a9c18d6f5d310f0110582c\" data-last-update=\"1.4\">Spontanans\u00f6kan<\/h2>\n\n\n\n<p>Du \u00e4r v\u00e4lkommen att skicka din spontanans\u00f6kan till&nbsp;career@storegate.com<\/p>\n<\/a>\n<\/div>\n<\/div><\/div><\/div>\n\n\n<div class=\"wpv-pagination-nav-links\" data-toolset-views-view-pagination-block=\"cdfd4c4737b2898eba4443dd59a1bf50\"><\/div>\n<\/div><\/div><form autocomplete=\"off\" name=\"wpv-filter-64664\" action=\"\/en\/wp-json\/wp\/v2\/pages\/72584?wpv_view_count=64664\" method=\"get\" class=\"wpv-filter-form js-wpv-filter-form js-wpv-filter-form-64664 js-wpv-form-full\" data-viewnumber=\"64664\" data-viewid=\"64664\" data-viewhash=\"eyJuYW1lIjoia3VuZGVyX2Frcml2In0=\" data-viewwidgetid=\"0\" data-orderby=\"\" data-order=\"\" data-orderbyas=\"\" data-orderbysecond=\"\" data-ordersecond=\"\" data-parametric=\"{&quot;query&quot;:&quot;normal&quot;,&quot;id&quot;:64664,&quot;view_id&quot;:64664,&quot;widget_id&quot;:0,&quot;view_hash&quot;:&quot;64664&quot;,&quot;action&quot;:&quot;\\\/en\\\/wp-json\\\/wp\\\/v2\\\/pages\\\/72584?wpv_view_count=64664&quot;,&quot;sort&quot;:{&quot;orderby&quot;:&quot;&quot;,&quot;order&quot;:&quot;&quot;,&quot;orderby_as&quot;:&quot;&quot;,&quot;orderby_second&quot;:&quot;&quot;,&quot;order_second&quot;:&quot;&quot;},&quot;orderby&quot;:&quot;&quot;,&quot;order&quot;:&quot;&quot;,&quot;orderby_as&quot;:&quot;&quot;,&quot;orderby_second&quot;:&quot;&quot;,&quot;order_second&quot;:&quot;&quot;,&quot;ajax_form&quot;:&quot;&quot;,&quot;ajax_results&quot;:&quot;&quot;,&quot;effect&quot;:&quot;fade&quot;,&quot;prebefore&quot;:&quot;&quot;,&quot;before&quot;:&quot;&quot;,&quot;after&quot;:&quot;&quot;,&quot;attributes&quot;:[],&quot;environment&quot;:{&quot;current_post_id&quot;:72584,&quot;parent_post_id&quot;:72584,&quot;parent_term_id&quot;:0,&quot;parent_user_id&quot;:0,&quot;archive&quot;:{&quot;type&quot;:&quot;&quot;,&quot;name&quot;:&quot;&quot;,&quot;data&quot;:[]}},&quot;loop&quot;:{&quot;type&quot;:&quot;&quot;,&quot;name&quot;:&quot;&quot;,&quot;data&quot;:[],&quot;id&quot;:0}}\" data-attributes=\"[]\" data-environment=\"{&quot;current_post_id&quot;:72584,&quot;parent_post_id&quot;:72584,&quot;parent_term_id&quot;:0,&quot;parent_user_id&quot;:0,&quot;archive&quot;:{&quot;type&quot;:&quot;&quot;,&quot;name&quot;:&quot;&quot;,&quot;data&quot;:[]}}\"><input type=\"hidden\" class=\"js-wpv-dps-filter-data js-wpv-filter-data-for-this-form\" data-action=\"\/en\/wp-json\/wp\/v2\/pages\/72584?wpv_view_count=64664\" data-page=\"1\" data-ajax=\"disable\" data-effect=\"fade\" data-maxpages=\"1\" data-ajaxprebefore=\"\" data-ajaxbefore=\"\" data-ajaxafter=\"\" \/><input class=\"wpv_view_count wpv_view_count-64664\" type=\"hidden\" name=\"wpv_view_count\" value=\"64664\" \/>\n\n<\/form><\/div>","protected":false},"excerpt":{"rendered":"<p>Careers Interested in working with us? We are always interested in connecting with new people and potential employees. Send your application to career@storegate.com<\/p>\n","protected":false},"author":1,"featured_media":0,"parent":0,"menu_order":0,"comment_status":"closed","ping_status":"closed","template":"","meta":{"inline_featured_image":false,"footnotes":""},"class_list":["post-72584","page","type-page","status-publish","hentry"],"blocksy_meta":{"styles_descriptor":{"styles":{"desktop":"","tablet":"","mobile":""},"google_fonts":[],"version":6}},"featured_image_src":null,"_links":{"self":[{"href":"https:\/\/www.storegate.com\/en\/wp-json\/wp\/v2\/pages\/72584","targetHints":{"allow":["GET"]}}],"collection":[{"href":"https:\/\/www.storegate.com\/en\/wp-json\/wp\/v2\/pages"}],"about":[{"href":"https:\/\/www.storegate.com\/en\/wp-json\/wp\/v2\/types\/page"}],"author":[{"embeddable":true,"href":"https:\/\/www.storegate.com\/en\/wp-json\/wp\/v2\/users\/1"}],"replies":[{"embeddable":true,"href":"https:\/\/www.storegate.com\/en\/wp-json\/wp\/v2\/comments?post=72584"}],"version-history":[{"count":1,"href":"https:\/\/www.storegate.com\/en\/wp-json\/wp\/v2\/pages\/72584\/revisions"}],"predecessor-version":[{"id":72586,"href":"https:\/\/www.storegate.com\/en\/wp-json\/wp\/v2\/pages\/72584\/revisions\/72586"}],"wp:attachment":[{"href":"https:\/\/www.storegate.com\/en\/wp-json\/wp\/v2\/media?parent=72584"}],"curies":[{"name":"wp","href":"https:\/\/api.w.org\/{rel}","templated":true}]}}